{"id":15293,"date":"2022-10-29T05:18:41","date_gmt":"2022-10-29T05:18:41","guid":{"rendered":"https:\/\/kodesolution.com\/2022\/oitech\/?page_id=15293"},"modified":"2023-07-28T15:08:46","modified_gmt":"2023-07-28T15:08:46","slug":"nos-services","status":"publish","type":"page","link":"https:\/\/fonetikconsulting.com\/en\/nos-services\/","title":{"rendered":"Our Services"},"content":{"rendered":"<div data-elementor-type=\"wp-page\" data-elementor-id=\"15293\" class=\"elementor elementor-15293\">\n\t\t\t\t\t\t<section class=\"elementor-section elementor-top-section elementor-element elementor-element-0529980 elementor-section-stretched elementor-section-boxed elementor-section-height-default elementor-section-height-default tm-col-stretched-none tm-bg-color-over-image\" data-id=\"0529980\" data-element_type=\"section\" data-settings=\"{&quot;stretch_section&quot;:&quot;section-stretched&quot;}\">\n\t\t\t\t\t\t<div class=\"elementor-container elementor-column-gap-extended\">\n\t\t\t\t\t<div class=\"elementor-column elementor-col-100 elementor-top-column elementor-element elementor-element-91de9f9 tm-bg-color-over-image\" data-id=\"91de9f9\" data-element_type=\"column\">\n\t\t\t<div class=\"elementor-widget-wrap elementor-element-populated\">\n\t\t\t\t\t\t<div class=\"elementor-element elementor-element-19400f6 elementor-widget elementor-widget-tm-ele-cpt-services\" data-id=\"19400f6\" data-element_type=\"widget\" data-widget_type=\"tm-ele-cpt-services.skin-style-current-theme1\">\n\t\t\t\t<div class=\"elementor-widget-container\">\n\t\t\t\r\n\t<div class=\"tm-sc-services tm-sc-services-grid border-radius-around-box\">\r\n\t\t\r\n\t\r\n\t\t\r\n\t\t<div id=\"services-holder-749229\" class=\"isotope-layout grid-3 gutter-15 clearfix\">\r\n\t\t\t<div class=\"isotope-layout-inner\">\r\n\r\n                \r\n                                                <div class=\"isotope-item service-principal\">\r\n                    \r\n<div class=\"post-11708 services type-services status-publish has-post-thumbnail hentry services_category-service-principal\">\r\n\t<div class=\"service-item-current-style1 service-block\">\r\n\t\t<div class=\"inner-box\">\r\n\t\t\t<div class=\"image-box\">\r\n\t\t\t\t<div class=\"image\">\r\n\t\t\t\t\t<a href=\"#\">\r\n\t\t\t\t\t\t<img fetchpriority=\"high\" width=\"448\" height=\"448\" src=\"https:\/\/fonetikconsulting.com\/leghopso\/2022\/10\/service-4.png\" class=\"wp-post-image\" alt=\"\" decoding=\"async\" \/>\t\t\t\t\t<\/a>\r\n\t\t\t\t<\/div>\r\n\t\t\t\t\t\t\t<div class=\"icon\"><i aria-hidden=\"true\" class=\"fas fa-file-invoice\"><\/i><\/div>\r\n\t\t\t\t\t\t<h5 class=\"title service-title\">\r\n\t\t<a href=\"https:\/\/fonetikconsulting.com\/en\/services\/traduction-de-documents\/\">Document Translation<\/a>\r\n\t\t<\/h5>\r\n\t\t\t<\/div>\r\n\t\t\t<div class=\"content-box\">\r\n\t\t\t\t\t<h5 class=\"title service-title\">\r\n\t\t<a href=\"https:\/\/fonetikconsulting.com\/en\/services\/traduction-de-documents\/\">Document Translation<\/a>\r\n\t\t<\/h5>\r\n\t\t\t\t\t\t\t\t\t\t\t\t\t\t\t<div class=\"excerpt service-details\">\r\n\t\t\t\t\t\t\tCommercial, legal, technical documents etc.\t\t\t\t\t\t<\/div>\r\n\t\t\t\t\t\t\t\t\t\t\t\t\t\t\t\t\t\t<div class=\"btn-view-details\">\r\n    <a href=\"https:\/\/fonetikconsulting.com\/en\/services\/traduction-de-documents\/\"\r\n      class=\"btn btn-plain-text-with-arrow-right\">\r\n      Learn More    <\/a>\r\n<\/div>\t\t\t\t\t\t\t<\/div>\r\n\t\t<\/div>\r\n\t<\/div>\r\n<\/div>                <\/div>\r\n                                                <div class=\"isotope-item service-principal\">\r\n                    \r\n<div class=\"post-11706 services type-services status-publish has-post-thumbnail hentry services_category-service-principal\">\r\n\t<div class=\"service-item-current-style1 service-block\">\r\n\t\t<div class=\"inner-box\">\r\n\t\t\t<div class=\"image-box\">\r\n\t\t\t\t<div class=\"image\">\r\n\t\t\t\t\t<a href=\"#\">\r\n\t\t\t\t\t\t<img width=\"448\" height=\"448\" src=\"https:\/\/fonetikconsulting.com\/leghopso\/2022\/10\/service-3.png\" class=\"wp-post-image\" alt=\"\" decoding=\"async\" \/>\t\t\t\t\t<\/a>\r\n\t\t\t\t<\/div>\r\n\t\t\t\t\t\t\t<div class=\"icon\"><i aria-hidden=\"true\" class=\"fas fa-headset\"><\/i><\/div>\r\n\t\t\t\t\t\t<h5 class=\"title service-title\">\r\n\t\t<a href=\"https:\/\/fonetikconsulting.com\/en\/services\/interpretation\/\">Interpreting<\/a>\r\n\t\t<\/h5>\r\n\t\t\t<\/div>\r\n\t\t\t<div class=\"content-box\">\r\n\t\t\t\t\t<h5 class=\"title service-title\">\r\n\t\t<a href=\"https:\/\/fonetikconsulting.com\/en\/services\/interpretation\/\">Interpreting<\/a>\r\n\t\t<\/h5>\r\n\t\t\t\t\t\t\t\t\t\t\t\t\t\t\t<div class=\"excerpt service-details\">\r\n\t\t\t\t\t\t\tA full range of interpreting services.\t\t\t\t\t\t<\/div>\r\n\t\t\t\t\t\t\t\t\t\t\t\t\t\t\t\t\t\t<div class=\"btn-view-details\">\r\n    <a href=\"https:\/\/fonetikconsulting.com\/en\/services\/interpretation\/\"\r\n      class=\"btn btn-plain-text-with-arrow-right\">\r\n      Learn More    <\/a>\r\n<\/div>\t\t\t\t\t\t\t<\/div>\r\n\t\t<\/div>\r\n\t<\/div>\r\n<\/div>                <\/div>\r\n                                                <div class=\"isotope-item service-principal\">\r\n                    \r\n<div class=\"post-11702 services type-services status-publish has-post-thumbnail hentry services_category-service-principal\">\r\n\t<div class=\"service-item-current-style1 service-block\">\r\n\t\t<div class=\"inner-box\">\r\n\t\t\t<div class=\"image-box\">\r\n\t\t\t\t<div class=\"image\">\r\n\t\t\t\t\t<a href=\"#\">\r\n\t\t\t\t\t\t<img width=\"448\" height=\"448\" src=\"https:\/\/fonetikconsulting.com\/leghopso\/2022\/10\/service-1.png\" class=\"wp-post-image\" alt=\"\" decoding=\"async\" \/>\t\t\t\t\t<\/a>\r\n\t\t\t\t<\/div>\r\n\t\t\t\t\t\t\t<div class=\"icon\"><i aria-hidden=\"true\" class=\"fas fa-calendar-alt\"><\/i><\/div>\r\n\t\t\t\t\t\t<h5 class=\"title service-title\">\r\n\t\t<a href=\"https:\/\/fonetikconsulting.com\/en\/services\/organisation-de-reunions\/\">Event Planning<\/a>\r\n\t\t<\/h5>\r\n\t\t\t<\/div>\r\n\t\t\t<div class=\"content-box\">\r\n\t\t\t\t\t<h5 class=\"title service-title\">\r\n\t\t<a href=\"https:\/\/fonetikconsulting.com\/en\/services\/organisation-de-reunions\/\">Event Planning<\/a>\r\n\t\t<\/h5>\r\n\t\t\t\t\t\t\t\t\t\t\t\t\t\t\t<div class=\"excerpt service-details\">\r\n\t\t\t\t\t\t\tProfessional &amp; various events planning.\t\t\t\t\t\t<\/div>\r\n\t\t\t\t\t\t\t\t\t\t\t\t\t\t\t\t\t\t<div class=\"btn-view-details\">\r\n    <a href=\"https:\/\/fonetikconsulting.com\/en\/services\/organisation-de-reunions\/\"\r\n      class=\"btn btn-plain-text-with-arrow-right\">\r\n      Learn More    <\/a>\r\n<\/div>\t\t\t\t\t\t\t<\/div>\r\n\t\t<\/div>\r\n\t<\/div>\r\n<\/div>                <\/div>\r\n                                                <div class=\"isotope-item service-principal\">\r\n                    \r\n<div class=\"post-39209 services type-services status-publish has-post-thumbnail hentry services_category-service-principal\">\r\n\t<div class=\"service-item-current-style1 service-block\">\r\n\t\t<div class=\"inner-box\">\r\n\t\t\t<div class=\"image-box\">\r\n\t\t\t\t<div class=\"image\">\r\n\t\t\t\t\t<a href=\"#\">\r\n\t\t\t\t\t\t<img loading=\"lazy\" width=\"650\" height=\"448\" src=\"https:\/\/fonetikconsulting.com\/leghopso\/2023\/07\/service-location-ecouteurs-650x448.jpg\" class=\"wp-post-image\" alt=\"\" decoding=\"async\" \/>\t\t\t\t\t<\/a>\r\n\t\t\t\t<\/div>\r\n\t\t\t\t\t\t\t<div class=\"icon\"><i aria-hidden=\"true\" class=\"fas fa-search-dollar\"><\/i><\/div>\r\n\t\t\t\t\t\t<h5 class=\"title service-title\">\r\n\t\t<a href=\"https:\/\/fonetikconsulting.com\/en\/services\/location-de-materiels\/\">Equipment Rental<\/a>\r\n\t\t<\/h5>\r\n\t\t\t<\/div>\r\n\t\t\t<div class=\"content-box\">\r\n\t\t\t\t\t<h5 class=\"title service-title\">\r\n\t\t<a href=\"https:\/\/fonetikconsulting.com\/en\/services\/location-de-materiels\/\">Equipment Rental<\/a>\r\n\t\t<\/h5>\r\n\t\t\t\t\t\t\t\t\t\t\t\t\t\t\t<div class=\"excerpt service-details\">\r\n\t\t\t\t\t\t\tHigh quality equipments rental.\t\t\t\t\t\t<\/div>\r\n\t\t\t\t\t\t\t\t\t\t\t\t\t\t\t\t\t\t<div class=\"btn-view-details\">\r\n    <a href=\"https:\/\/fonetikconsulting.com\/en\/services\/location-de-materiels\/\"\r\n      class=\"btn btn-plain-text-with-arrow-right\">\r\n      Learn More    <\/a>\r\n<\/div>\t\t\t\t\t\t\t<\/div>\r\n\t\t<\/div>\r\n\t<\/div>\r\n<\/div>                <\/div>\r\n                                                <div class=\"isotope-item\">\r\n                    \r\n<div class=\"post-11704 services type-services status-publish has-post-thumbnail hentry\">\r\n\t<div class=\"service-item-current-style1 service-block\">\r\n\t\t<div class=\"inner-box\">\r\n\t\t\t<div class=\"image-box\">\r\n\t\t\t\t<div class=\"image\">\r\n\t\t\t\t\t<a href=\"#\">\r\n\t\t\t\t\t\t<img loading=\"lazy\" width=\"650\" height=\"448\" src=\"https:\/\/fonetikconsulting.com\/leghopso\/2022\/10\/service-formation-650x448.png\" class=\"wp-post-image\" alt=\"\" decoding=\"async\" \/>\t\t\t\t\t<\/a>\r\n\t\t\t\t<\/div>\r\n\t\t\t\t\t\t\t<div class=\"icon\"><i aria-hidden=\"true\" class=\"fas fa-chalkboard-teacher\"><\/i><\/div>\r\n\t\t\t\t\t\t<h5 class=\"title service-title\">\r\n\t\t<a href=\"https:\/\/fonetikconsulting.com\/en\/services\/formation\/\">Online And In-person French Courses<\/a>\r\n\t\t<\/h5>\r\n\t\t\t<\/div>\r\n\t\t\t<div class=\"content-box\">\r\n\t\t\t\t\t<h5 class=\"title service-title\">\r\n\t\t<a href=\"https:\/\/fonetikconsulting.com\/en\/services\/formation\/\">Online And In-person French Courses<\/a>\r\n\t\t<\/h5>\r\n\t\t\t\t\t\t\t\t\t\t\t\t\t\t\t<div class=\"excerpt service-details\">\r\n\t\t\t\t\t\t\tHigh quality french courses.\t\t\t\t\t\t<\/div>\r\n\t\t\t\t\t\t\t\t\t\t\t\t\t\t\t\t\t\t<div class=\"btn-view-details\">\r\n    <a href=\"https:\/\/fonetikconsulting.com\/en\/services\/formation\/\"\r\n      class=\"btn btn-plain-text-with-arrow-right\">\r\n      Learn More    <\/a>\r\n<\/div>\t\t\t\t\t\t\t<\/div>\r\n\t\t<\/div>\r\n\t<\/div>\r\n<\/div>                <\/div>\r\n                                \r\n\t\t\t<\/div>\r\n\t\t<\/div>\r\n\t\t\t<\/div>\r\n\t\t\r\n\r\n\t\t<\/div>\n\t\t\t\t<\/div>\n\t\t\t\t\t<\/div>\n\t\t<\/div>\n\t\t\t\t\t<\/div>\n\t\t<\/section>\n\t\t\t\t<\/div>","protected":false},"excerpt":{"rendered":"<p>Traduction de documents Traduction de documents Documents commerciaux, juridiques, techniques etc. En savoir plus Interpr\u00e9tation Interpr\u00e9tation Une gamme compl\u00e8te de&#8230;<\/p>","protected":false},"author":1,"featured_media":0,"parent":0,"menu_order":0,"comment_status":"closed","ping_status":"closed","template":"","meta":{"footnotes":""},"_links":{"self":[{"href":"https:\/\/fonetikconsulting.com\/en\/wp-json\/wp\/v2\/pages\/15293"}],"collection":[{"href":"https:\/\/fonetikconsulting.com\/en\/wp-json\/wp\/v2\/pages"}],"about":[{"href":"https:\/\/fonetikconsulting.com\/en\/wp-json\/wp\/v2\/types\/page"}],"author":[{"embeddable":true,"href":"https:\/\/fonetikconsulting.com\/en\/wp-json\/wp\/v2\/users\/1"}],"replies":[{"embeddable":true,"href":"https:\/\/fonetikconsulting.com\/en\/wp-json\/wp\/v2\/comments?post=15293"}],"version-history":[{"count":22,"href":"https:\/\/fonetikconsulting.com\/en\/wp-json\/wp\/v2\/pages\/15293\/revisions"}],"predecessor-version":[{"id":39246,"href":"https:\/\/fonetikconsulting.com\/en\/wp-json\/wp\/v2\/pages\/15293\/revisions\/39246"}],"wp:attachment":[{"href":"https:\/\/fonetikconsulting.com\/en\/wp-json\/wp\/v2\/media?parent=15293"}],"curies":[{"name":"wp","href":"https:\/\/api.w.org\/{rel}","templated":true}]}}